{"id":2823,"date":"2018-06-19T08:06:45","date_gmt":"2018-06-19T08:06:45","guid":{"rendered":"https:\/\/www.molenpoorthof.nu\/?page_id=2823"},"modified":"2018-06-19T08:06:45","modified_gmt":"2018-06-19T08:06:45","slug":"groente-en-fruit-de-waag","status":"publish","type":"page","link":"https:\/\/www.molenpoorthof.nu\/de\/groente-en-fruit-de-waag\/","title":{"rendered":"Groente en fruit de Waag"},"content":{"rendered":"<p><div class='content-column one_half'><img loading=\"lazy\" decoding=\"async\" class=\"aligncenter wp-image-1642 size-full\" src=\"https:\/\/www.molenpoorthof.nu\/wp-content\/uploads\/2018\/03\/dewaaglogo.jpg\" alt=\"\" width=\"200\" height=\"150\" \/><\/p>\n<p>Echte frische Produkte aus dem Land der regionalen Unternehmen, pr\u00e4sentiert in einem echten Fachgesch\u00e4ft im Bereich Kartoffeln, Gem\u00fcse und Obst. Unser Gesch\u00e4ft bietet alles, sowohl die Rohwaren als auch die Salate und Fertiggerichte aus unserer eigenen K\u00fcche. Wenn Sie etwas Besonderes und Gesundes mit Top-Qualit\u00e4t w\u00fcnschen, dann ist ein Besuch in unserem Gesch\u00e4ft mehr als wert. Sie k\u00f6nnen auch die anderen Gesch\u00e4fte wie Aldi und Action besuchen. De Waag bleibt Ihre vertrauensw\u00fcrdige Adresse f\u00fcr die sch\u00f6nsten Produkte und wir helfen Ihnen gerne weiter.<\/p>\n<p><strong>Adresse<\/strong><br \/>\nMolenpoortstraat 4<br \/>\n7041 BG &#8217;s-Heerenberg<\/p>\n<p>T: 0314 664 210<\/p>\n<p><b>\u00d6ffnungszeiten<\/b><\/p>\n<table width=\"50%\">\n<tbody>\n<tr>\n<td width=\"50%\">Montag<\/td>\n<td width=\"50%\">08.00 &#8211; 18.00<\/td>\n<\/tr>\n<tr>\n<td width=\"50%\">Dienstag<\/td>\n<td width=\"50%\">08.00 &#8211; 18.00<\/td>\n<\/tr>\n<tr>\n<td width=\"50%\">Mittwoch<\/td>\n<td width=\"50%\">08.00 &#8211; 18.00<\/td>\n<\/tr>\n<tr>\n<td width=\"50%\">Donnerstag<\/td>\n<td width=\"50%\">08.00 &#8211; 18.00<\/td>\n<\/tr>\n<tr>\n<td width=\"50%\">Freitag<\/td>\n<td width=\"50%\">08.00 &#8211; 18.00<\/td>\n<\/tr>\n<tr>\n<td width=\"50%\">Samstag<\/td>\n<td width=\"50%\">08.00 &#8211; 17.00<\/td>\n<\/tr>\n<tr>\n<td width=\"50%\">Sonntag<\/td>\n<td width=\"50%\">Gesloten<\/td>\n<\/tr>\n<\/tbody>\n<\/table><\/div><div class='content-column one_half'><img loading=\"lazy\" decoding=\"async\" class=\"aligncenter size-full wp-image-1594\" src=\"https:\/\/www.molenpoorthof.nu\/wp-content\/uploads\/2018\/03\/25446476_389459364840804_6213091351529088901_n.jpg\" alt=\"\" width=\"960\" height=\"960\" srcset=\"https:\/\/www.molenpoorthof.nu\/wp-content\/uploads\/2018\/03\/25446476_389459364840804_6213091351529088901_n.jpg 960w, https:\/\/www.molenpoorthof.nu\/wp-content\/uploads\/2018\/03\/25446476_389459364840804_6213091351529088901_n-150x150.jpg 150w, https:\/\/www.molenpoorthof.nu\/wp-content\/uploads\/2018\/03\/25446476_389459364840804_6213091351529088901_n-300x300.jpg 300w, https:\/\/www.molenpoorthof.nu\/wp-content\/uploads\/2018\/03\/25446476_389459364840804_6213091351529088901_n-768x768.jpg 768w, https:\/\/www.molenpoorthof.nu\/wp-content\/uploads\/2018\/03\/25446476_389459364840804_6213091351529088901_n-125x125.jpg 125w\" sizes=\"auto, (max-width: 960px) 100vw, 960px\" \/>\n<p>&nbsp;<\/p><\/div><\/p>\n","protected":false},"excerpt":{"rendered":"","protected":false},"author":2,"featured_media":0,"parent":0,"menu_order":0,"comment_status":"open","ping_status":"closed","template":"","meta":{"footnotes":""},"class_list":["post-2823","page","type-page","status-publish","hentry"],"_links":{"self":[{"href":"https:\/\/www.molenpoorthof.nu\/de\/wp-json\/wp\/v2\/pages\/2823","targetHints":{"allow":["GET"]}}],"collection":[{"href":"https:\/\/www.molenpoorthof.nu\/de\/wp-json\/wp\/v2\/pages"}],"about":[{"href":"https:\/\/www.molenpoorthof.nu\/de\/wp-json\/wp\/v2\/types\/page"}],"author":[{"embeddable":true,"href":"https:\/\/www.molenpoorthof.nu\/de\/wp-json\/wp\/v2\/users\/2"}],"replies":[{"embeddable":true,"href":"https:\/\/www.molenpoorthof.nu\/de\/wp-json\/wp\/v2\/comments?post=2823"}],"version-history":[{"count":4,"href":"https:\/\/www.molenpoorthof.nu\/de\/wp-json\/wp\/v2\/pages\/2823\/revisions"}],"predecessor-version":[{"id":2913,"href":"https:\/\/www.molenpoorthof.nu\/de\/wp-json\/wp\/v2\/pages\/2823\/revisions\/2913"}],"wp:attachment":[{"href":"https:\/\/www.molenpoorthof.nu\/de\/wp-json\/wp\/v2\/media?parent=2823"}],"curies":[{"name":"wp","href":"https:\/\/api.w.org\/{rel}","templated":true}]}}