{"id":2813,"date":"2018-06-19T08:05:28","date_gmt":"2018-06-19T08:05:28","guid":{"rendered":"https:\/\/www.molenpoorthof.nu\/?page_id=2813"},"modified":"2018-06-19T08:05:28","modified_gmt":"2018-06-19T08:05:28","slug":"peking-corner","status":"publish","type":"page","link":"https:\/\/www.molenpoorthof.nu\/de\/peking-corner\/","title":{"rendered":"Peking Corner"},"content":{"rendered":"<p><div class='content-column one_half'><img loading=\"lazy\" decoding=\"async\" class=\"aligncenter wp-image-1557 size-full\" src=\"https:\/\/www.molenpoorthof.nu\/wp-content\/uploads\/2018\/03\/pekingCorner.jpg\" alt=\"\" width=\"200\" height=\"150\" \/><\/p>\n<p>Peking Corner ist ein authentisches orientalisches Restaurant mit einer Reihe von handwerklichen Produkten zu einem fairen Preis. Unsere Kunden sch\u00e4tzen die entspannte Atmosph\u00e4re und Qualit\u00e4t, die wir seit Jahrzehnten an der Molenpoorstraat in s-Heerenberg anbieten. Folgen Sie uns auf Facebook und behalten Sie unsere Website im Auge f\u00fcr tolle Aktionen und Angebote.<\/p>\n<p><strong>Adresse<\/strong><br \/>\nMolenpoortstraat 28<br \/>\n7041 BG &#8217;s-Heerenberg<\/p>\n<p>T: 0314-662 139<br \/>\nW: <a href=\"http:\/\/www.pekingcorner.nl\" target=\"_blank\" rel=\"noopener\">www.pekingcorner.nl<\/a><\/p>\n<p><b>\u00d6ffnungszeiten<\/b><\/p>\n<table width=\"50%\">\n<tbody>\n<tr>\n<td width=\"50%\">Montag<\/td>\n<td width=\"50%\">12.00 &#8211; 21.00<\/td>\n<\/tr>\n<tr>\n<td width=\"50%\">Dienstag<\/td>\n<td width=\"50%\">12.00 &#8211; 21.00<\/td>\n<\/tr>\n<tr>\n<td width=\"50%\">Mittwoch<\/td>\n<td width=\"50%\">12.00 &#8211; 21.00<\/td>\n<\/tr>\n<tr>\n<td width=\"50%\">Donnerstag<\/td>\n<td width=\"50%\">11.30 &#8211; 22.00<\/td>\n<\/tr>\n<tr>\n<td width=\"50%\">Freitag<\/td>\n<td width=\"50%\">11.30 &#8211; 22.00<\/td>\n<\/tr>\n<tr>\n<td width=\"50%\">Samstag<\/td>\n<td width=\"50%\">11.30 &#8211; 22.00<\/td>\n<\/tr>\n<tr>\n<td width=\"50%\">Sonntag<\/td>\n<td width=\"50%\">11.30 &#8211; 22.00<\/td>\n<\/tr>\n<\/tbody>\n<\/table><\/div><div class='content-column one_half'><p>&nbsp;<\/p>\n<img loading=\"lazy\" decoding=\"async\" class=\"aligncenter size-full wp-image-1590\" src=\"https:\/\/www.molenpoorthof.nu\/wp-content\/uploads\/2018\/03\/Resto2-300x225.jpg\" alt=\"\" width=\"300\" height=\"225\" \/><\/div><\/p>\n","protected":false},"excerpt":{"rendered":"","protected":false},"author":2,"featured_media":0,"parent":0,"menu_order":0,"comment_status":"open","ping_status":"closed","template":"","meta":{"footnotes":""},"class_list":["post-2813","page","type-page","status-publish","hentry"],"_links":{"self":[{"href":"https:\/\/www.molenpoorthof.nu\/de\/wp-json\/wp\/v2\/pages\/2813","targetHints":{"allow":["GET"]}}],"collection":[{"href":"https:\/\/www.molenpoorthof.nu\/de\/wp-json\/wp\/v2\/pages"}],"about":[{"href":"https:\/\/www.molenpoorthof.nu\/de\/wp-json\/wp\/v2\/types\/page"}],"author":[{"embeddable":true,"href":"https:\/\/www.molenpoorthof.nu\/de\/wp-json\/wp\/v2\/users\/2"}],"replies":[{"embeddable":true,"href":"https:\/\/www.molenpoorthof.nu\/de\/wp-json\/wp\/v2\/comments?post=2813"}],"version-history":[{"count":4,"href":"https:\/\/www.molenpoorthof.nu\/de\/wp-json\/wp\/v2\/pages\/2813\/revisions"}],"predecessor-version":[{"id":2903,"href":"https:\/\/www.molenpoorthof.nu\/de\/wp-json\/wp\/v2\/pages\/2813\/revisions\/2903"}],"wp:attachment":[{"href":"https:\/\/www.molenpoorthof.nu\/de\/wp-json\/wp\/v2\/media?parent=2813"}],"curies":[{"name":"wp","href":"https:\/\/api.w.org\/{rel}","templated":true}]}}