{"id":2792,"date":"2018-06-19T07:58:49","date_gmt":"2018-06-19T07:58:49","guid":{"rendered":"https:\/\/www.molenpoorthof.nu\/?page_id=2792"},"modified":"2018-06-19T07:58:49","modified_gmt":"2018-06-19T07:58:49","slug":"aldi","status":"publish","type":"page","link":"https:\/\/www.molenpoorthof.nu\/de\/aldi\/","title":{"rendered":"Aldi"},"content":{"rendered":"<p><div class='content-column one_half'><img loading=\"lazy\" decoding=\"async\" class=\"aligncenter wp-image-1547 size-full\" src=\"https:\/\/www.molenpoorthof.nu\/wp-content\/uploads\/2018\/03\/aldi.jpg\" alt=\"\" width=\"200\" height=\"150\" \/><\/p>\n<p>ALDI ist eines der gr\u00f6\u00dften europ\u00e4ischen Einzelhandelsunternehmen mit rund 500 Niederlassungen in den Niederlanden. Das Prinzip &#8222;Hohe Qualit\u00e4t &#8211; Niedriger Preis&#8220; ist untrennbar mit ALDI verbunden. Mit diesem Prinzip sind wir sehr erfolgreich in Belgien, D\u00e4nemark, Deutschland, Frankreich, Luxemburg, Polen, Portugal, Spanien und nat\u00fcrlich seit 1973 in den Niederlanden. Das Prinzip &#8222;Hohe Qualit\u00e4t &#8211; Niedriger Preis&#8220; ist mehr als nur ein erfolgreicher Marketingbegriff. Das Prinzip der Konzentration auf den Kern des Unternehmens f\u00fchrt in allen Bereichen, sowohl f\u00fcr die interne Zusammenarbeit als auch f\u00fcr die Beziehungen zu unseren Lieferanten und Handelspartnern. Besuchen Sie unsere Niederlassung in &#8217;s-Heerenberg und erleben Sie das echte Aldi-Feeling!<\/p>\n<p><strong>Adresse<\/strong><br \/>\nMolenpoortstraat 16<br \/>\n7041 BG &#8217;s-Heerenberg<\/p>\n<p>W: <a href=\"http:\/\/www.aldi.nl\" target=\"_blank\" rel=\"noopener\">www.aldi.nl<\/a><\/p>\n<p><strong>\u00d6ffnungszeiten<\/strong><\/p>\n<table width=\"50%\">\n<tbody>\n<tr>\n<td width=\"50%\">Montag<\/td>\n<td width=\"50%\">08.00 &#8211; 20.00<\/td>\n<\/tr>\n<tr>\n<td width=\"50%\">Dienstag<\/td>\n<td width=\"50%\">08.00 &#8211; 20.00<\/td>\n<\/tr>\n<tr>\n<td width=\"50%\">Mittwoch<\/td>\n<td width=\"50%\">08.00 &#8211; 20.00<\/td>\n<\/tr>\n<tr>\n<td width=\"50%\">Donnerstag<\/td>\n<td width=\"50%\">08.00 &#8211; 20.00<\/td>\n<\/tr>\n<tr>\n<td width=\"50%\">Freitag<\/td>\n<td width=\"50%\">08.00 &#8211; 20.00<\/td>\n<\/tr>\n<tr>\n<td width=\"50%\">Samstag<\/td>\n<td width=\"50%\">08.00 &#8211; 18.00<\/td>\n<\/tr>\n<tr>\n<td width=\"50%\">Sonntag<\/td>\n<td width=\"50%\">12.00 &#8211; 18.00<\/td>\n<\/tr>\n<\/tbody>\n<\/table><\/div><div class='content-column one_half'><img loading=\"lazy\" decoding=\"async\" class=\"aligncenter wp-image-1582 size-full\" src=\"https:\/\/www.molenpoorthof.nu\/wp-content\/uploads\/2018\/03\/IMG_0621-e1522327813503.jpg\" alt=\"\" width=\"3264\" height=\"2448\" srcset=\"https:\/\/www.molenpoorthof.nu\/wp-content\/uploads\/2018\/03\/IMG_0621-e1522327813503.jpg 3264w, https:\/\/www.molenpoorthof.nu\/wp-content\/uploads\/2018\/03\/IMG_0621-e1522327813503-300x225.jpg 300w, https:\/\/www.molenpoorthof.nu\/wp-content\/uploads\/2018\/03\/IMG_0621-e1522327813503-768x576.jpg 768w, https:\/\/www.molenpoorthof.nu\/wp-content\/uploads\/2018\/03\/IMG_0621-e1522327813503-1024x768.jpg 1024w\" sizes=\"auto, (max-width: 3264px) 100vw, 3264px\" \/><\/div><\/p>\n","protected":false},"excerpt":{"rendered":"","protected":false},"author":2,"featured_media":0,"parent":0,"menu_order":0,"comment_status":"open","ping_status":"closed","template":"","meta":{"footnotes":""},"class_list":["post-2792","page","type-page","status-publish","hentry"],"_links":{"self":[{"href":"https:\/\/www.molenpoorthof.nu\/de\/wp-json\/wp\/v2\/pages\/2792","targetHints":{"allow":["GET"]}}],"collection":[{"href":"https:\/\/www.molenpoorthof.nu\/de\/wp-json\/wp\/v2\/pages"}],"about":[{"href":"https:\/\/www.molenpoorthof.nu\/de\/wp-json\/wp\/v2\/types\/page"}],"author":[{"embeddable":true,"href":"https:\/\/www.molenpoorthof.nu\/de\/wp-json\/wp\/v2\/users\/2"}],"replies":[{"embeddable":true,"href":"https:\/\/www.molenpoorthof.nu\/de\/wp-json\/wp\/v2\/comments?post=2792"}],"version-history":[{"count":2,"href":"https:\/\/www.molenpoorthof.nu\/de\/wp-json\/wp\/v2\/pages\/2792\/revisions"}],"predecessor-version":[{"id":2812,"href":"https:\/\/www.molenpoorthof.nu\/de\/wp-json\/wp\/v2\/pages\/2792\/revisions\/2812"}],"wp:attachment":[{"href":"https:\/\/www.molenpoorthof.nu\/de\/wp-json\/wp\/v2\/media?parent=2792"}],"curies":[{"name":"wp","href":"https:\/\/api.w.org\/{rel}","templated":true}]}}