{"id":2752,"date":"2018-06-19T08:03:11","date_gmt":"2018-06-19T08:03:11","guid":{"rendered":"https:\/\/www.molenpoorthof.nu\/?page_id=2752"},"modified":"2018-06-19T08:03:11","modified_gmt":"2018-06-19T08:03:11","slug":"action","status":"publish","type":"page","link":"https:\/\/www.molenpoorthof.nu\/de\/action\/","title":{"rendered":"Action"},"content":{"rendered":"<p><div class='content-column one_half'><img loading=\"lazy\" decoding=\"async\" class=\"aligncenter wp-image-1552 size-full\" src=\"https:\/\/www.molenpoorthof.nu\/wp-content\/uploads\/2018\/03\/action.jpg\" alt=\"\" width=\"200\" height=\"150\" \/><\/p>\n<p>Wir sind ein schnell wachsender, internationaler Non-Food-Discounter mit einem einfachen und erfolgreichen Gesch\u00e4ftsmodell. Wir bieten sehr niedrige Preise in Kombination mit einem \u00fcberraschenden Sortiment an. Wir sind bekannt f\u00fcr unsere erschwinglichen Alltagsprodukte. Wir verkaufen mehr als 6.000 verschiedene Produkte in unseren Gesch\u00e4ften, mehr als 150 neue Artikel pro Woche. Unser Sortiment umfasst Produkte in 14 verschiedenen Produktkategorien, darunter viele bekannte Marken und Hausmarken. Produkte, die unser Leben einfacher und lustiger machen. Sie sind qualitativ gute Artikel, die einen Mehrwert haben. Unsere einzigartige Action-Formel steht f\u00fcr Qualit\u00e4t, Einfachheit und \u00dcberraschung und dies spiegelt sich in jedem Action Store in Europa wider. Weil wir eine gro\u00dfe Organisation sind, k\u00f6nnen wir in gro\u00dfem Umfang kaufen. Mit einem leistungsf\u00e4higen Vertriebssystem beliefern wir unsere Filialen mehrmals w\u00f6chentlich von unseren Distributionszentren in den Niederlanden, Frankreich und Deutschland. Eine unserer neuesten Niederlassungen ist in &#8217;s-Heerenberg ge\u00f6ffnet.<\/p>\n<p><strong>Adresse<\/strong><br \/>\nMolenpoortstraag 18<br \/>\n7041 BG &#8217;s-Heerenberg<\/p>\n<p>W: <a href=\"http:\/\/action.nl\" target=\"_blank\" rel=\"noopener\">www.action.nl<\/a><\/p>\n<p><strong>\u00d6ffnungszeiten<\/strong><\/p>\n<table width=\"50%\">\n<tbody>\n<tr>\n<td width=\"50%\">Montag<\/td>\n<td width=\"50%\">08.30 &#8211; 18.00<\/td>\n<\/tr>\n<tr>\n<td width=\"50%\">Dienstag<\/td>\n<td width=\"50%\">08.30 &#8211; 18.00<\/td>\n<\/tr>\n<tr>\n<td width=\"50%\">Mittwoch<\/td>\n<td width=\"50%\">08.30 &#8211; 18.00<\/td>\n<\/tr>\n<tr>\n<td width=\"50%\">Donnerstag<\/td>\n<td width=\"50%\">08.30 &#8211; 18.00<\/td>\n<\/tr>\n<tr>\n<td width=\"50%\">Freitag<\/td>\n<td width=\"50%\">08.30 &#8211; 20.00<\/td>\n<\/tr>\n<tr>\n<td width=\"50%\">Samstag<\/td>\n<td width=\"50%\">08.30 &#8211; 18.00<\/td>\n<\/tr>\n<tr>\n<td width=\"50%\">Sonntag<\/td>\n<td width=\"50%\">Gesloten<\/td>\n<\/tr>\n<\/tbody>\n<\/table><\/div><div class='content-column one_half'><img loading=\"lazy\" decoding=\"async\" class=\"aligncenter size-full wp-image-1587\" src=\"https:\/\/www.molenpoorthof.nu\/wp-content\/uploads\/2018\/03\/IMG_0996.jpg\" alt=\"\" width=\"3264\" height=\"2448\" srcset=\"https:\/\/www.molenpoorthof.nu\/wp-content\/uploads\/2018\/03\/IMG_0996.jpg 3264w, https:\/\/www.molenpoorthof.nu\/wp-content\/uploads\/2018\/03\/IMG_0996-300x225.jpg 300w, https:\/\/www.molenpoorthof.nu\/wp-content\/uploads\/2018\/03\/IMG_0996-768x576.jpg 768w, https:\/\/www.molenpoorthof.nu\/wp-content\/uploads\/2018\/03\/IMG_0996-1024x768.jpg 1024w\" sizes=\"auto, (max-width: 3264px) 100vw, 3264px\" \/><\/div><\/p>\n","protected":false},"excerpt":{"rendered":"","protected":false},"author":2,"featured_media":0,"parent":0,"menu_order":0,"comment_status":"open","ping_status":"closed","template":"","meta":{"footnotes":""},"class_list":["post-2752","page","type-page","status-publish","hentry"],"_links":{"self":[{"href":"https:\/\/www.molenpoorthof.nu\/de\/wp-json\/wp\/v2\/pages\/2752","targetHints":{"allow":["GET"]}}],"collection":[{"href":"https:\/\/www.molenpoorthof.nu\/de\/wp-json\/wp\/v2\/pages"}],"about":[{"href":"https:\/\/www.molenpoorthof.nu\/de\/wp-json\/wp\/v2\/types\/page"}],"author":[{"embeddable":true,"href":"https:\/\/www.molenpoorthof.nu\/de\/wp-json\/wp\/v2\/users\/2"}],"replies":[{"embeddable":true,"href":"https:\/\/www.molenpoorthof.nu\/de\/wp-json\/wp\/v2\/comments?post=2752"}],"version-history":[{"count":4,"href":"https:\/\/www.molenpoorthof.nu\/de\/wp-json\/wp\/v2\/pages\/2752\/revisions"}],"predecessor-version":[{"id":2893,"href":"https:\/\/www.molenpoorthof.nu\/de\/wp-json\/wp\/v2\/pages\/2752\/revisions\/2893"}],"wp:attachment":[{"href":"https:\/\/www.molenpoorthof.nu\/de\/wp-json\/wp\/v2\/media?parent=2752"}],"curies":[{"name":"wp","href":"https:\/\/api.w.org\/{rel}","templated":true}]}}