{"id":2122,"date":"2018-06-15T09:35:41","date_gmt":"2018-06-15T09:35:41","guid":{"rendered":"https:\/\/www.molenpoorthof.nu\/?page_id=2122"},"modified":"2018-06-15T09:35:41","modified_gmt":"2018-06-15T09:35:41","slug":"home","status":"publish","type":"page","link":"https:\/\/www.molenpoorthof.nu\/de\/","title":{"rendered":"Home"},"content":{"rendered":"<h1 style=\"text-align: center;\">Willkommen bei Molenpoorthof<\/h1>\n<p style=\"text-align: center;\"><script type=\"text\/javascript\">jQuery(function() { _initLayerSlider( '#layerslider_9_1tfmtb6x73xza', {sliderVersion: '', responsiveUnder: 1280, layersContainer: 1280, hideUnder: 0, hideOver: 100000, pauseOnHover: 'on', skin: 'v5', sliderFadeInDuration: 350, useSrcset: true, skinsPath: 'https:\/\/www.molenpoorthof.nu\/wp-content\/plugins\/LayerSlider\/assets\/static\/layerslider\/skins\/', type: 'responsive', showCircleTimer: false, performanceMode: true}); });<\/script><div id=\"layerslider_9_1tfmtb6x73xza\"  class=\"ls-wp-container fitvidsignore ls-selectable\" style=\"width:100%;height:500px;margin:0 auto;margin-bottom: 0px;\"><div class=\"ls-slide\" data-ls=\"duration:4000;\"><img loading=\"lazy\" decoding=\"async\" width=\"1169\" height=\"500\" src=\"https:\/\/www.molenpoorthof.nu\/wp-content\/uploads\/2014\/12\/slider2.jpg\" class=\"ls-bg\" alt=\"\" srcset=\"https:\/\/www.molenpoorthof.nu\/wp-content\/uploads\/2014\/12\/slider2.jpg 1169w, https:\/\/www.molenpoorthof.nu\/wp-content\/uploads\/2014\/12\/slider2-300x128.jpg 300w, https:\/\/www.molenpoorthof.nu\/wp-content\/uploads\/2014\/12\/slider2-768x328.jpg 768w, https:\/\/www.molenpoorthof.nu\/wp-content\/uploads\/2014\/12\/slider2-1024x438.jpg 1024w\" sizes=\"auto, (max-width: 1169px) 100vw, 1169px\" \/><\/div><div class=\"ls-slide\" data-ls=\"duration:4000;\"><img loading=\"lazy\" decoding=\"async\" width=\"1169\" height=\"500\" src=\"https:\/\/www.molenpoorthof.nu\/wp-content\/uploads\/2014\/12\/slider1.jpg\" class=\"ls-bg\" alt=\"\" srcset=\"https:\/\/www.molenpoorthof.nu\/wp-content\/uploads\/2014\/12\/slider1.jpg 1169w, https:\/\/www.molenpoorthof.nu\/wp-content\/uploads\/2014\/12\/slider1-300x128.jpg 300w, https:\/\/www.molenpoorthof.nu\/wp-content\/uploads\/2014\/12\/slider1-768x328.jpg 768w, https:\/\/www.molenpoorthof.nu\/wp-content\/uploads\/2014\/12\/slider1-1024x438.jpg 1024w\" sizes=\"auto, (max-width: 1169px) 100vw, 1169px\" \/><\/div><\/div><\/p>\n<p>&nbsp;<\/p>\n<p>An der Molenpoorstraat \/ Villersgenske in &#8217;s-Heerenberg gibt es verschiedene Gesch\u00e4fte wie Aldi, Action, Xenos, Peking Corner und Waag Gem\u00fcse und Obst. Hier k\u00f6nnen Sie Ihre t\u00e4glichen Eink\u00e4ufe zu sehr g\u00fcnstigen Preisen und &#8211; nat\u00fcrlich &#8211; kostenlosen Parkpl\u00e4tzen erledigen. Denkst du an deine Parkscheibe?<\/p>\n<p>&nbsp;<\/p>\n","protected":false},"excerpt":{"rendered":"<p>Willkommen bei Molenpoorthof &nbsp; An der Molenpoorstraat \/ Villersgenske in &#8217;s-Heerenberg gibt es verschiedene Gesch\u00e4fte wie Aldi, Action, Xenos, Peking Corner und Waag Gem\u00fcse und Obst. Hier k\u00f6nnen Sie Ihre t\u00e4glichen Eink\u00e4ufe zu sehr g\u00fcnstigen Preisen und &#8211; nat\u00fcrlich &#8211; kostenlosen Parkpl\u00e4tzen erledigen. Denkst du an deine Parkscheibe? &nbsp;<\/p>\n","protected":false},"author":2,"featured_media":0,"parent":0,"menu_order":0,"comment_status":"open","ping_status":"closed","template":"","meta":{"footnotes":""},"class_list":["post-2122","page","type-page","status-publish","hentry"],"_links":{"self":[{"href":"https:\/\/www.molenpoorthof.nu\/de\/wp-json\/wp\/v2\/pages\/2122","targetHints":{"allow":["GET"]}}],"collection":[{"href":"https:\/\/www.molenpoorthof.nu\/de\/wp-json\/wp\/v2\/pages"}],"about":[{"href":"https:\/\/www.molenpoorthof.nu\/de\/wp-json\/wp\/v2\/types\/page"}],"author":[{"embeddable":true,"href":"https:\/\/www.molenpoorthof.nu\/de\/wp-json\/wp\/v2\/users\/2"}],"replies":[{"embeddable":true,"href":"https:\/\/www.molenpoorthof.nu\/de\/wp-json\/wp\/v2\/comments?post=2122"}],"version-history":[{"count":5,"href":"https:\/\/www.molenpoorthof.nu\/de\/wp-json\/wp\/v2\/pages\/2122\/revisions"}],"predecessor-version":[{"id":2172,"href":"https:\/\/www.molenpoorthof.nu\/de\/wp-json\/wp\/v2\/pages\/2122\/revisions\/2172"}],"wp:attachment":[{"href":"https:\/\/www.molenpoorthof.nu\/de\/wp-json\/wp\/v2\/media?parent=2122"}],"curies":[{"name":"wp","href":"https:\/\/api.w.org\/{rel}","templated":true}]}}